{"id":92,"date":"2022-03-09T13:04:55","date_gmt":"2022-03-09T13:04:55","guid":{"rendered":"https:\/\/socialtrick.rs\/?page_id=92"},"modified":"2022-11-18T10:58:33","modified_gmt":"2022-11-18T10:58:33","slug":"impresszum","status":"publish","type":"page","link":"https:\/\/socialtrick.rs\/index.php\/impresszum\/","title":{"rendered":"Impresszum"},"content":{"rendered":"<div class=\"decor\">Impresszum<\/div>\n<h1 class=\"gdpr-h1\">Impresszum<\/h1>\n<div class=\"line\">&nbsp;<\/div>\n<div class=\"impressum\">\n<h2>\u00dczemeltet\u0151<\/h2>\n<p class=\"impressum-p\">N\u00e9v: Krisztina Juhasz PR Agencija za marketing SocialTrick Ada<\/p>\n<p class=\"impressum-p\">Sz\u00e9khely: 24430 Ada, Lenjin u. 11.<\/p>\n<p class=\"impressum-p\">Ad\u00f3sz\u00e1m: 112506236<\/p>\n<p class=\"impressum-p\">Nyilv\u00e1ntart\u00e1si sz\u00e1m: 66149714<\/p>\n<p class=\"impressum-p\">Email: socialtrickpr@gmail.com<\/p>\n<p class=\"impressum-p\">Nyilv\u00e1ntart\u00e1sba vev\u0151 hat\u00f3s\u00e1g:<\/p>\n\n<h2>T\u00e1rhelyszolg\u00e1ltat\u00f3<\/h2>\n<p class=\"impressum-p\">C\u00e9gn\u00e9v: Web Hosting Srbija<\/p>\n<p class=\"impressum-p\">Sz\u00e9khely: Hajduk Veljkova 10, 18000 Ni\u0161<\/p>\n<p class=\"impressum-p\">C\u00e9gjegyz\u00e9ksz\u00e1m: 65330172<\/p>\n<p class=\"impressum-p\">Telefon: +381 66 316 039<\/p>\n<p class=\"impressum-p\">Email: info@webhostingsrbija.rs<\/p>\n\n<\/div>","protected":false},"excerpt":{"rendered":"<p>Impresszum Impresszum &nbsp; \u00dczemeltet\u0151 N\u00e9v: Krisztina Juhasz PR Agencija za marketing SocialTrick Ada Sz\u00e9khely: 24430 Ada, Lenjin u. 11. Ad\u00f3sz\u00e1m: 112506236 Nyilv\u00e1ntart\u00e1si sz\u00e1m: 66149714 Email: socialtrickpr@gmail.com Nyilv\u00e1ntart\u00e1sba vev\u0151 hat\u00f3s\u00e1g: T\u00e1rhelyszolg\u00e1ltat\u00f3 C\u00e9gn\u00e9v: Web Hosting Srbija Sz\u00e9khely: Hajduk Veljkova 10, 18000 Ni\u0161 C\u00e9gjegyz\u00e9ksz\u00e1m: 65330172 Telefon: +381 66 316 039 Email: info@webhostingsrbija.rs<\/p>\n","protected":false},"author":1,"featured_media":0,"parent":0,"menu_order":0,"comment_status":"closed","ping_status":"closed","template":"","meta":{"footnotes":""},"class_list":["post-92","page","type-page","status-publish","hentry"],"_links":{"self":[{"href":"https:\/\/socialtrick.rs\/index.php\/wp-json\/wp\/v2\/pages\/92","targetHints":{"allow":["GET"]}}],"collection":[{"href":"https:\/\/socialtrick.rs\/index.php\/wp-json\/wp\/v2\/pages"}],"about":[{"href":"https:\/\/socialtrick.rs\/index.php\/wp-json\/wp\/v2\/types\/page"}],"author":[{"embeddable":true,"href":"https:\/\/socialtrick.rs\/index.php\/wp-json\/wp\/v2\/users\/1"}],"replies":[{"embeddable":true,"href":"https:\/\/socialtrick.rs\/index.php\/wp-json\/wp\/v2\/comments?post=92"}],"version-history":[{"count":4,"href":"https:\/\/socialtrick.rs\/index.php\/wp-json\/wp\/v2\/pages\/92\/revisions"}],"predecessor-version":[{"id":236,"href":"https:\/\/socialtrick.rs\/index.php\/wp-json\/wp\/v2\/pages\/92\/revisions\/236"}],"wp:attachment":[{"href":"https:\/\/socialtrick.rs\/index.php\/wp-json\/wp\/v2\/media?parent=92"}],"curies":[{"name":"wp","href":"https:\/\/api.w.org\/{rel}","templated":true}]}}